{"id":4883,"date":"2026-03-03T23:07:45","date_gmt":"2026-03-03T23:07:45","guid":{"rendered":"https:\/\/www.curlystrings.ee\/?post_type=product&#038;p=4883"},"modified":"2026-04-15T17:52:02","modified_gmt":"2026-04-15T17:52:02","slug":"pidu-meis-eneses","status":"publish","type":"product","link":"https:\/\/www.curlystrings.ee\/et\/toode\/pidu-meis-eneses\/","title":{"rendered":"Pidu meis eneses"},"content":{"rendered":"<p>Lugude nimekiri:<\/p>\n<div>\n<div dir=\"auto\">1. Ei vaja maailm<\/div>\n<div dir=\"auto\">2. Kadunud poeg<\/div>\n<div dir=\"auto\">3. Mis k\u00f5ik ootab ees<\/div>\n<div dir=\"auto\">4. Kannan kaasas kalleid<\/div>\n<div dir=\"auto\">5. Olge terved, t\u00fctrekesed!<\/div>\n<div dir=\"auto\">6. Pidulised<\/div>\n<div dir=\"auto\">7. Taevas seab riidu<\/div>\n<div dir=\"auto\">8. Palun hoia mind<\/div>\n<div dir=\"auto\">9. Sa lakkasid olemast ime<\/div>\n<div dir=\"auto\">10. S\u00f5brad on koos<\/div>\n<div dir=\"auto\">11. Rotterdam<\/div>\n<div dir=\"auto\">12. M\u00f5tteid vaid h\u00e4id<\/div>\n<\/div>\n","protected":false},"excerpt":{"rendered":"<p>Lugude nimekiri: 1. Ei vaja maailm 2. Kadunud poeg 3. Mis k\u00f5ik ootab ees 4. Kannan kaasas kalleid 5. Olge terved, t\u00fctrekesed! 6. Pidulised 7. Taevas seab riidu 8. Palun hoia mind 9. Sa lakkasid olemast ime 10. S\u00f5brad on koos 11. Rotterdam 12. M\u00f5tteid vaid h\u00e4id<\/p>\n","protected":false},"featured_media":5074,"template":"","meta":{"_acf_changed":false,"inline_featured_image":false},"product_brand":[],"product_cat":[79],"product_tag":[],"class_list":{"0":"post-4883","1":"product","2":"type-product","3":"status-publish","4":"has-post-thumbnail","6":"product_cat-cd","8":"first","9":"instock","10":"shipping-taxable","11":"purchasable","12":"product-type-simple"},"acf":[],"_links":{"self":[{"href":"https:\/\/www.curlystrings.ee\/et\/wp-json\/wp\/v2\/product\/4883","targetHints":{"allow":["GET"]}}],"collection":[{"href":"https:\/\/www.curlystrings.ee\/et\/wp-json\/wp\/v2\/product"}],"about":[{"href":"https:\/\/www.curlystrings.ee\/et\/wp-json\/wp\/v2\/types\/product"}],"wp:featuredmedia":[{"embeddable":true,"href":"https:\/\/www.curlystrings.ee\/et\/wp-json\/wp\/v2\/media\/5074"}],"wp:attachment":[{"href":"https:\/\/www.curlystrings.ee\/et\/wp-json\/wp\/v2\/media?parent=4883"}],"wp:term":[{"taxonomy":"product_brand","embeddable":true,"href":"https:\/\/www.curlystrings.ee\/et\/wp-json\/wp\/v2\/product_brand?post=4883"},{"taxonomy":"product_cat","embeddable":true,"href":"https:\/\/www.curlystrings.ee\/et\/wp-json\/wp\/v2\/product_cat?post=4883"},{"taxonomy":"product_tag","embeddable":true,"href":"https:\/\/www.curlystrings.ee\/et\/wp-json\/wp\/v2\/product_tag?post=4883"}],"curies":[{"name":"wp","href":"https:\/\/api.w.org\/{rel}","templated":true}]}}