{"id":4881,"date":"2026-03-03T23:07:45","date_gmt":"2026-03-03T23:07:45","guid":{"rendered":"https:\/\/www.curlystrings.ee\/?post_type=product&#038;p=4881"},"modified":"2026-04-15T18:52:57","modified_gmt":"2026-04-15T18:52:57","slug":"rahu-meis-eneses","status":"publish","type":"product","link":"https:\/\/www.curlystrings.ee\/et\/toode\/rahu-meis-eneses\/","title":{"rendered":"Rahu meis eneses"},"content":{"rendered":"<div>&#8221;Rahu meis eneses&#8221; on teine pool topeltalbumist, mille lood valmisid aastatel 2019\u20132021, kui pidu meie \u00fcmber pausile pandi. \u00dchiselt loodud muusikasse oleme pannud oma m\u00f5tted ja tunded, mis on pilli m\u00e4ngimisel meile aina enam oluliseks saanud.<\/div>\n<div><\/div>\n<div>Kui suvi saab m\u00f6\u00f6da ja pidu on l\u00f5ppenud, j\u00e4\u00e4me \u00fcksi. \u00dcmbritsev looduski hakkab otsima oma paika, kus vaikselt m\u00f5tiskleda ja unne suikuda. Kuid s\u00fcgavamad hingesopid keevad veel ja s\u00fcgistormid ei lase liig kergelt meid uinuma. Siia oleme pannud teemad, mis kummitavad meid enne, kui saabub see haruldane k\u00fclaline nimega rahu.<\/div>\n<div><\/div>\n<div>Lugude j\u00e4rjestus:<\/div>\n<div>1. Homme algab mul uus elu<\/div>\n<div>2. Vana talumaja<\/div>\n<div>3. Sipsiku silmad \u00b7 Sul on h\u00e4\u00e4l<\/div>\n<div>4. Valguse veski<\/div>\n<div>5. Unetu \u00f6\u00f6<\/div>\n<div>6. S\u00fcgise sume<\/div>\n<div>7. L\u00f5pp<\/div>\n<div>8. Mind nad k\u00e4tte ei saa<\/div>\n<div>9. Palve<\/div>\n","protected":false},"excerpt":{"rendered":"<p>&#8221;Rahu meis eneses&#8221; on teine pool topeltalbumist, mille lood valmisid aastatel 2019\u20132021, kui pidu meie \u00fcmber pausile pandi. \u00dchiselt loodud muusikasse oleme pannud oma m\u00f5tted ja tunded, mis on pilli m\u00e4ngimisel meile aina enam oluliseks saanud. Kui suvi saab m\u00f6\u00f6da ja pidu on l\u00f5ppenud, j\u00e4\u00e4me \u00fcksi. \u00dcmbritsev looduski hakkab otsima oma paika, kus vaikselt m\u00f5tiskleda [&hellip;]<\/p>\n","protected":false},"featured_media":5071,"template":"","meta":{"_acf_changed":false,"inline_featured_image":false},"product_brand":[],"product_cat":[79],"product_tag":[],"class_list":{"0":"post-4881","1":"product","2":"type-product","3":"status-publish","4":"has-post-thumbnail","6":"product_cat-cd","8":"first","9":"instock","10":"shipping-taxable","11":"purchasable","12":"product-type-simple"},"acf":[],"_links":{"self":[{"href":"https:\/\/www.curlystrings.ee\/et\/wp-json\/wp\/v2\/product\/4881","targetHints":{"allow":["GET"]}}],"collection":[{"href":"https:\/\/www.curlystrings.ee\/et\/wp-json\/wp\/v2\/product"}],"about":[{"href":"https:\/\/www.curlystrings.ee\/et\/wp-json\/wp\/v2\/types\/product"}],"wp:featuredmedia":[{"embeddable":true,"href":"https:\/\/www.curlystrings.ee\/et\/wp-json\/wp\/v2\/media\/5071"}],"wp:attachment":[{"href":"https:\/\/www.curlystrings.ee\/et\/wp-json\/wp\/v2\/media?parent=4881"}],"wp:term":[{"taxonomy":"product_brand","embeddable":true,"href":"https:\/\/www.curlystrings.ee\/et\/wp-json\/wp\/v2\/product_brand?post=4881"},{"taxonomy":"product_cat","embeddable":true,"href":"https:\/\/www.curlystrings.ee\/et\/wp-json\/wp\/v2\/product_cat?post=4881"},{"taxonomy":"product_tag","embeddable":true,"href":"https:\/\/www.curlystrings.ee\/et\/wp-json\/wp\/v2\/product_tag?post=4881"}],"curies":[{"name":"wp","href":"https:\/\/api.w.org\/{rel}","templated":true}]}}