{"id":4880,"date":"2026-03-03T23:07:45","date_gmt":"2026-03-03T23:07:45","guid":{"rendered":"https:\/\/www.curlystrings.ee\/?post_type=product&#038;p=4880"},"modified":"2026-04-08T15:08:09","modified_gmt":"2026-04-08T15:08:09","slug":"curly-strings-ja-sobrad-lastele","status":"publish","type":"product","link":"https:\/\/www.curlystrings.ee\/et\/toode\/curly-strings-ja-sobrad-lastele\/","title":{"rendered":"Curly Strings ja s\u00f5brad \u201cLastele\u201d"},"content":{"rendered":"<p><strong>Muusikast<\/strong><\/p>\n<div>\n<p>Curly Strings ja s\u00f5prade album &#8221;Lastele&#8221; on l\u00f5bus album, mis toob kokku suurep\u00e4rased eesti muusikud, kes on ka lapsevanemad. Iga\u00fcks neist on toonud kaasa \u00fche loo, mida nad on oma lastele laulnud v\u00f5i isegi koos nendega loonud. Curly seadis need oma b\u00e4ndi helimaastikule ja \u00fchises esituses on sellel 12 laulust koosneval albumil nii uusi loomingut kui ka vanu klassikuid.<\/p>\n<p>Lisaks Curly Stringsile aitavad muusikaliselt kaasa Ivo Linna, Robert Linna, Mari J\u00fcrjens, Lenna Kuurmaa, Mari Kalkun, Ewert and The Two Dragons, Liisi Koikson, Jalmar Vabarna, Marge Niller, Adeele Jaago ja Tartu Laulupesa laulustuudio.<\/p>\n<\/div>\n<div><\/div>\n<div>\n<div>Albumi digitaalne versioon sisaldab allalaadimislinki k\u00f5igile 12 loole MP3- ja WAV-formaadis. &#8221;Lastele&#8221; albumi f\u00fc\u00fcsiline versioon sisaldab lisaks f\u00fc\u00fcsilisele CD-le ka laulu- ja v\u00e4rviraamatut, milles on k\u00f5igi lugude lugu, laulus\u00f5nad, noot ja l\u00f5busad illustratsioonid.<\/div>\n<\/div>\n<p><strong>Albumi heategevuslik pool<\/strong><\/p>\n<div>\n<p>Kogu albumi tulu annetatakse MT\u00dc Laste ja noorte kriisiprogrammile. Annetus aitab MT\u00dc Laste ja Noorte Kriisiprogrammil rakendada tegevusi, millega toetatakse peresid, kelle lapsed on kaotanud oma l\u00e4hedase. Laste leina m\u00e4rkamisega antakse lapse perele v\u00f5imalus aidata neil oma kaotusega paremini toime tulla. Selleks korraldab kriisiprogramm lastele ja noortele leina tugilaagreid, viib l\u00e4bi individuaalset leinan\u00f5ustamist ja r\u00fchmat\u00f6\u00f6d lastele ja nende l\u00e4hedastele. Programm on pakkunud lastele, noortele ja peredele j\u00e4rjepidevalt tuge juba 25 aastat. Esimene leina tugilaager toimus 1995. aasta suvel. T\u00e4naseks on lastelaagrites osalenud \u00fcle 1000 lapse ja noore. Koos individuaalse toetusega on seda toetust saanud inimeste arv palju, palju suurem.<\/p>\n<p>Teie toetus aitab MT\u00dc Laste ja noorte kriisiprogrammil oma tegevusi ellu viia ja oma s\u00f5numit levitada. Laste ja noorte kriisiprogramm aitab ja toetab. Ait\u00e4h, et aitate toetada!<\/p>\n<\/div>\n<div><a href=\"https:\/\/www.lastekriis.ee\/\" target=\"_blank\" rel=\"noopener\">https:\/\/www.lastekriis.ee<\/a><\/div>\n<div dir=\"ltr\"><\/div>\n","protected":false},"excerpt":{"rendered":"<p>Muusikast Curly Strings ja s\u00f5prade album &#8221;Lastele&#8221; on l\u00f5bus album, mis toob kokku suurep\u00e4rased eesti muusikud, kes on ka lapsevanemad. Iga\u00fcks neist on toonud kaasa \u00fche loo, mida nad on oma lastele laulnud v\u00f5i isegi koos nendega loonud. Curly seadis need oma b\u00e4ndi helimaastikule ja \u00fchises esituses on sellel 12 laulust koosneval albumil nii uusi [&hellip;]<\/p>\n","protected":false},"featured_media":4541,"template":"","meta":{"_acf_changed":false,"inline_featured_image":false},"product_brand":[],"product_cat":[85],"product_tag":[],"class_list":{"0":"post-4880","1":"product","2":"type-product","3":"status-publish","4":"has-post-thumbnail","6":"product_cat-digitaalne-album","8":"first","9":"instock","10":"downloadable","11":"virtual","12":"purchasable","13":"product-type-simple"},"acf":[],"_links":{"self":[{"href":"https:\/\/www.curlystrings.ee\/et\/wp-json\/wp\/v2\/product\/4880","targetHints":{"allow":["GET"]}}],"collection":[{"href":"https:\/\/www.curlystrings.ee\/et\/wp-json\/wp\/v2\/product"}],"about":[{"href":"https:\/\/www.curlystrings.ee\/et\/wp-json\/wp\/v2\/types\/product"}],"wp:featuredmedia":[{"embeddable":true,"href":"https:\/\/www.curlystrings.ee\/et\/wp-json\/wp\/v2\/media\/4541"}],"wp:attachment":[{"href":"https:\/\/www.curlystrings.ee\/et\/wp-json\/wp\/v2\/media?parent=4880"}],"wp:term":[{"taxonomy":"product_brand","embeddable":true,"href":"https:\/\/www.curlystrings.ee\/et\/wp-json\/wp\/v2\/product_brand?post=4880"},{"taxonomy":"product_cat","embeddable":true,"href":"https:\/\/www.curlystrings.ee\/et\/wp-json\/wp\/v2\/product_cat?post=4880"},{"taxonomy":"product_tag","embeddable":true,"href":"https:\/\/www.curlystrings.ee\/et\/wp-json\/wp\/v2\/product_tag?post=4880"}],"curies":[{"name":"wp","href":"https:\/\/api.w.org\/{rel}","templated":true}]}}