{"id":4878,"date":"2026-03-03T23:07:45","date_gmt":"2026-03-03T23:07:45","guid":{"rendered":"https:\/\/www.curlystrings.ee\/?post_type=product&#038;p=4878"},"modified":"2026-04-08T16:12:13","modified_gmt":"2026-04-08T16:12:13","slug":"hoolima","status":"publish","type":"product","link":"https:\/\/www.curlystrings.ee\/et\/toode\/hoolima\/","title":{"rendered":"Hoolima"},"content":{"rendered":"<p>&#8221;&#8230;Curly Strings ei tee muusikat, mis paneb hambaid kiristama v\u00f5i m\u00f5tlema. Ma ei kujuta ette, kellele isegi meie polariseerunud \u00fchiskonnas v\u00f5iks see muusika p\u00e4riselt mitte meeldida - rahvuskonservatiivid leiavad siit kohalikus traditsioonis juurdunud traditsiooni, sotsialistid hoolivust, reformierakondlased peaksid hindama noorte eestlaste loomingulist ettev\u00f5tlikkust. See on tagasihoidlikult nauditav muusika, kodune ja kodune, ehe ja tore.&#8221; kirjutab Andrei Liimets albumi kohta portaalis kultuur.err. Kogu arvustust saab lugeda <a href=\"https:\/\/kultuur.err.ee\/612022\/arvustus-curly-strings-ajab-nunnumeetri-lohki\">siit.<\/a><\/p>\n<p><span dir=\"auto\">1. <\/span>Miks sa murrad mind<br \/>\n2. Aastap\u00e4ev<br \/>\n3. Avarus<br \/>\n4. Kuu<br \/>\n5. Firebird\/Kribu-kribu polka<br \/>\n6. Edasi anda<br \/>\n7. Hoolima<br \/>\n8. Teisip\u00e4eval<br \/>\n9. Turia masurka<br \/>\n10. Unne peitu homseni<\/p>\n","protected":false},"excerpt":{"rendered":"<p>&#8221;&#8230;Curly Strings ei tee muusikat, mis paneb hambaid kiristama v\u00f5i m\u00f5tlema. Ma ei kujuta ette, kellele isegi meie polariseerunud \u00fchiskonnas v\u00f5iks see muusika p\u00e4riselt mitte meeldida - rahvuskonservatiivid leiavad siit kohalikus traditsioonis juurdunud traditsiooni, sotsialistid hoolivust, reformierakondlased peaksid hindama noorte eestlaste loomingulist ettev\u00f5tlikkust. See on tagasihoidlikult nauditav muusika, kodune ja kodune, ehe ja tore.&#8221; kirjutab [&hellip;]<\/p>\n","protected":false},"featured_media":4553,"template":"","meta":{"_acf_changed":false,"inline_featured_image":false},"product_brand":[],"product_cat":[82],"product_tag":[],"class_list":{"0":"post-4878","1":"product","2":"type-product","3":"status-publish","4":"has-post-thumbnail","6":"product_cat-vinuul","8":"first","9":"instock","10":"shipping-taxable","11":"purchasable","12":"product-type-simple"},"acf":[],"_links":{"self":[{"href":"https:\/\/www.curlystrings.ee\/et\/wp-json\/wp\/v2\/product\/4878","targetHints":{"allow":["GET"]}}],"collection":[{"href":"https:\/\/www.curlystrings.ee\/et\/wp-json\/wp\/v2\/product"}],"about":[{"href":"https:\/\/www.curlystrings.ee\/et\/wp-json\/wp\/v2\/types\/product"}],"wp:featuredmedia":[{"embeddable":true,"href":"https:\/\/www.curlystrings.ee\/et\/wp-json\/wp\/v2\/media\/4553"}],"wp:attachment":[{"href":"https:\/\/www.curlystrings.ee\/et\/wp-json\/wp\/v2\/media?parent=4878"}],"wp:term":[{"taxonomy":"product_brand","embeddable":true,"href":"https:\/\/www.curlystrings.ee\/et\/wp-json\/wp\/v2\/product_brand?post=4878"},{"taxonomy":"product_cat","embeddable":true,"href":"https:\/\/www.curlystrings.ee\/et\/wp-json\/wp\/v2\/product_cat?post=4878"},{"taxonomy":"product_tag","embeddable":true,"href":"https:\/\/www.curlystrings.ee\/et\/wp-json\/wp\/v2\/product_tag?post=4878"}],"curies":[{"name":"wp","href":"https:\/\/api.w.org\/{rel}","templated":true}]}}