{"id":4875,"date":"2026-03-03T23:07:45","date_gmt":"2026-03-03T23:07:45","guid":{"rendered":"https:\/\/www.curlystrings.ee\/?post_type=product&#038;p=4875"},"modified":"2026-04-16T08:26:59","modified_gmt":"2026-04-16T08:26:59","slug":"ule-ilma","status":"publish","type":"product","link":"https:\/\/www.curlystrings.ee\/et\/toode\/ule-ilma\/","title":{"rendered":"\u00dcle ilma"},"content":{"rendered":"<p>Tegemist on ansambli Curly Strings deb\u00fc\u00fctalbumiga &#8221;\u00dcle ilma&#8221;.<br \/>\nKultuuriblogi Kaktus kirjutab: &#8221;Albumil on k\u00fcmme laulu, millest enamiku on loonud b\u00e4ndi liikmed, kuid ka Aapo Ilves, Jaan T\u00e4tte, Kristiina Ehin on andnud oma panuse ning osa laule on rahvap\u00e4rimusest. Album r\u00e4\u00e4gib armastusest, armukadedusest ja paljust muust, mis on osa inimloomusest ja igap\u00e4evaelust.&#8221;. Loe l\u00e4hemalt <a href=\"https:\/\/kkaktus.wordpress.com\/author\/agnesvarik\/\">siit<\/a>.<\/p>\n<p>1. Maailm heliseb<br \/>\n2. Kauges k\u00fclas<br \/>\n3. Kadunud Ungarisse<br \/>\n4. Laul s\u00f5brale<br \/>\n5. Reverend<br \/>\n6. K\u00e4ttemaks<br \/>\n7. Heeringas<br \/>\n8. Tuli \u00e4kki<br \/>\n9. Kui \u00f5itseb sirel<br \/>\n10. Seitse pruuti<br \/>\n11. Tall Fiddler<br \/>\n12. \u00dcle ilma<\/p>\n","protected":false},"excerpt":{"rendered":"<p>Tegemist on ansambli Curly Strings deb\u00fc\u00fctalbumiga &#8221;\u00dcle ilma&#8221;. Kultuuriblogi Kaktus kirjutab: &#8221;Albumil on k\u00fcmme laulu, millest enamiku on loonud b\u00e4ndi liikmed, kuid ka Aapo Ilves, Jaan T\u00e4tte, Kristiina Ehin on andnud oma panuse ning osa laule on rahvap\u00e4rimusest. Album r\u00e4\u00e4gib armastusest, armukadedusest ja paljust muust, mis on osa inimloomusest ja igap\u00e4evaelust.&#8221;. Loe l\u00e4hemalt siit. 1. [&hellip;]<\/p>\n","protected":false},"featured_media":5102,"template":"","meta":{"_acf_changed":false,"inline_featured_image":false},"product_brand":[],"product_cat":[79],"product_tag":[],"class_list":{"0":"post-4875","1":"product","2":"type-product","3":"status-publish","4":"has-post-thumbnail","6":"product_cat-cd","8":"first","9":"instock","10":"shipping-taxable","11":"purchasable","12":"product-type-simple"},"acf":[],"_links":{"self":[{"href":"https:\/\/www.curlystrings.ee\/et\/wp-json\/wp\/v2\/product\/4875","targetHints":{"allow":["GET"]}}],"collection":[{"href":"https:\/\/www.curlystrings.ee\/et\/wp-json\/wp\/v2\/product"}],"about":[{"href":"https:\/\/www.curlystrings.ee\/et\/wp-json\/wp\/v2\/types\/product"}],"wp:featuredmedia":[{"embeddable":true,"href":"https:\/\/www.curlystrings.ee\/et\/wp-json\/wp\/v2\/media\/5102"}],"wp:attachment":[{"href":"https:\/\/www.curlystrings.ee\/et\/wp-json\/wp\/v2\/media?parent=4875"}],"wp:term":[{"taxonomy":"product_brand","embeddable":true,"href":"https:\/\/www.curlystrings.ee\/et\/wp-json\/wp\/v2\/product_brand?post=4875"},{"taxonomy":"product_cat","embeddable":true,"href":"https:\/\/www.curlystrings.ee\/et\/wp-json\/wp\/v2\/product_cat?post=4875"},{"taxonomy":"product_tag","embeddable":true,"href":"https:\/\/www.curlystrings.ee\/et\/wp-json\/wp\/v2\/product_tag?post=4875"}],"curies":[{"name":"wp","href":"https:\/\/api.w.org\/{rel}","templated":true}]}}