{"id":3884,"date":"2026-03-03T23:09:20","date_gmt":"2026-03-03T23:09:20","guid":{"rendered":"https:\/\/www.curlystrings.ee\/?post_type=product&#038;p=3884"},"modified":"2026-04-08T16:09:14","modified_gmt":"2026-04-08T16:09:14","slug":"hoolima-cd","status":"publish","type":"product","link":"https:\/\/www.curlystrings.ee\/et\/toode\/hoolima-cd\/","title":{"rendered":"Hoolima"},"content":{"rendered":"<p>&#8221;&#8230;Curly Strings ei tee muusikat, mida kuulates oleks m\u00f5tet hambaid teritada v\u00f5i niisama \u00fcle m\u00f5elda. Ei kujutagi ette, kellele see muusika saaks isegi me polariseerunud \u00fchiskonna tingimustes p\u00e4riselt mitte meeldida \u2013 rahvuskonservatiivid leiavad siit kohalikku traditsiooni juuritud p\u00e4rimuse, sotsid s\u00f5numi hoolivusest, reformarid peaksid hindama noorte eestlaste loomemajanduslikku ettev\u00f5tlikkust. See on pretensioonitult m\u00f5nus muusika, kodune ja kodumaine, ehe ja tore.&#8221; kirjutab albumi kohta Andrei Liimets portaalis kultuur.err. T\u00e4ispikk arvustus loetav siit.<\/p>\n<p><span dir=\"auto\">1. <\/span>Miks sa murrad mind<br \/>\n2. Aastap\u00e4ev<br \/>\n3. Avarus<br \/>\n4. Kuu<br \/>\n5. Firebird\/Kribu-kribu polka<br \/>\n6. Edasi anda<br \/>\n7. Hoolima<br \/>\n8. Teisip\u00e4eval<br \/>\n9. Turia masurka<br \/>\n10. Unne peitu homseni<\/p>\n","protected":false},"excerpt":{"rendered":"<p>&#8221;&#8230;Curly Strings ei tee muusikat, mida kuulates oleks m\u00f5tet hambaid teritada v\u00f5i niisama \u00fcle m\u00f5elda. Ei kujutagi ette, kellele see muusika saaks isegi me polariseerunud \u00fchiskonna tingimustes p\u00e4riselt mitte meeldida \u2013 rahvuskonservatiivid leiavad siit kohalikku traditsiooni juuritud p\u00e4rimuse, sotsid s\u00f5numi hoolivusest, reformarid peaksid hindama noorte eestlaste loomemajanduslikku ettev\u00f5tlikkust. See on pretensioonitult m\u00f5nus muusika, kodune ja [&hellip;]<\/p>\n","protected":false},"featured_media":5121,"template":"","meta":{"_acf_changed":false,"inline_featured_image":false},"product_brand":[],"product_cat":[79],"product_tag":[],"class_list":{"0":"post-3884","1":"product","2":"type-product","3":"status-publish","4":"has-post-thumbnail","6":"product_cat-cd","8":"first","9":"instock","10":"shipping-taxable","11":"purchasable","12":"product-type-simple"},"acf":[],"_links":{"self":[{"href":"https:\/\/www.curlystrings.ee\/et\/wp-json\/wp\/v2\/product\/3884","targetHints":{"allow":["GET"]}}],"collection":[{"href":"https:\/\/www.curlystrings.ee\/et\/wp-json\/wp\/v2\/product"}],"about":[{"href":"https:\/\/www.curlystrings.ee\/et\/wp-json\/wp\/v2\/types\/product"}],"wp:featuredmedia":[{"embeddable":true,"href":"https:\/\/www.curlystrings.ee\/et\/wp-json\/wp\/v2\/media\/5121"}],"wp:attachment":[{"href":"https:\/\/www.curlystrings.ee\/et\/wp-json\/wp\/v2\/media?parent=3884"}],"wp:term":[{"taxonomy":"product_brand","embeddable":true,"href":"https:\/\/www.curlystrings.ee\/et\/wp-json\/wp\/v2\/product_brand?post=3884"},{"taxonomy":"product_cat","embeddable":true,"href":"https:\/\/www.curlystrings.ee\/et\/wp-json\/wp\/v2\/product_cat?post=3884"},{"taxonomy":"product_tag","embeddable":true,"href":"https:\/\/www.curlystrings.ee\/et\/wp-json\/wp\/v2\/product_tag?post=3884"}],"curies":[{"name":"wp","href":"https:\/\/api.w.org\/{rel}","templated":true}]}}