{"id":2985,"date":"2025-03-31T16:55:36","date_gmt":"2025-03-31T16:55:36","guid":{"rendered":"https:\/\/www.curlystrings.ee\/markimisvaarsed-auhinnad\/"},"modified":"2025-04-17T09:27:07","modified_gmt":"2025-04-17T09:27:07","slug":"markimisvaarsed-auhinnad","status":"publish","type":"page","link":"https:\/\/www.curlystrings.ee\/et\/markimisvaarsed-auhinnad\/","title":{"rendered":"M\u00e4rkimisv\u00e4\u00e4rsed auhinnad"},"content":{"rendered":"","protected":false},"excerpt":{"rendered":"","protected":false},"author":1,"featured_media":0,"parent":0,"menu_order":0,"comment_status":"closed","ping_status":"closed","template":"","meta":{"_acf_changed":false,"inline_featured_image":false,"footnotes":""},"class_list":["post-2985","page","type-page","status-publish","hentry"],"acf":[],"_links":{"self":[{"href":"https:\/\/www.curlystrings.ee\/et\/wp-json\/wp\/v2\/pages\/2985","targetHints":{"allow":["GET"]}}],"collection":[{"href":"https:\/\/www.curlystrings.ee\/et\/wp-json\/wp\/v2\/pages"}],"about":[{"href":"https:\/\/www.curlystrings.ee\/et\/wp-json\/wp\/v2\/types\/page"}],"author":[{"embeddable":true,"href":"https:\/\/www.curlystrings.ee\/et\/wp-json\/wp\/v2\/users\/1"}],"replies":[{"embeddable":true,"href":"https:\/\/www.curlystrings.ee\/et\/wp-json\/wp\/v2\/comments?post=2985"}],"version-history":[{"count":1,"href":"https:\/\/www.curlystrings.ee\/et\/wp-json\/wp\/v2\/pages\/2985\/revisions"}],"predecessor-version":[{"id":3439,"href":"https:\/\/www.curlystrings.ee\/et\/wp-json\/wp\/v2\/pages\/2985\/revisions\/3439"}],"wp:attachment":[{"href":"https:\/\/www.curlystrings.ee\/et\/wp-json\/wp\/v2\/media?parent=2985"}],"curies":[{"name":"wp","href":"https:\/\/api.w.org\/{rel}","templated":true}]}}