{"id":5081,"date":"2026-03-03T23:09:20","date_gmt":"2026-03-03T23:09:20","guid":{"rendered":"https:\/\/www.curlystrings.ee\/?post_type=product&#038;p=5081"},"modified":"2026-04-08T15:38:06","modified_gmt":"2026-04-08T15:38:06","slug":"pflege-cd","status":"publish","type":"product","link":"https:\/\/www.curlystrings.ee\/de\/produkt\/pflege-cd\/","title":{"rendered":"Pflege"},"content":{"rendered":"<p><span dir=\"auto\">\u201e\u2026Curly Strings macht keine Musik, die einen zum Z\u00e4hneknirschen oder Nachdenken bringt. Ich kann mir kaum vorstellen, dass jemand, selbst in unserer polarisierten Gesellschaft, diese Musik nicht m\u00f6gen k\u00f6nnte \u2013 Nationalkonservative finden hier eine in der lokalen Tradition verwurzelte Kl\u00e4nge, Sozialisten eine Botschaft der F\u00fcrsorge, Reformer sollten den kreativen Unternehmergeist junger Esten w\u00fcrdigen. Es ist unpr\u00e4tenti\u00f6s angenehme Musik, heimelig und vertraut, authentisch und sch\u00f6n\u201c, schreibt Andrei Liimets \u00fcber das Album auf dem Portal kultuur.err. Die vollst\u00e4ndige Rezension finden Sie\u00a0\u00a0<\/span><a href=\"https:\/\/kultuur.err.ee\/612022\/arvustus-curly-strings-ajab-nunnumeetri-lohki\"><span dir=\"auto\">hier.<\/span><\/a><\/p>\n<p><span dir=\"auto\">1. Warum brichst du mich?<\/span><br \/>\n<span dir=\"auto\">2. Jahrestag<\/span><br \/>\n<span dir=\"auto\">3. Weltraum<\/span><br \/>\n<span dir=\"auto\">4. Mond<\/span><br \/>\n<span dir=\"auto\">5. Feuervogel\/Kribu-Kribu-Polka<\/span><br \/>\n<span dir=\"auto\">6. Gib es weiter<\/span><br \/>\n<span dir=\"auto\">7. Sorge<\/span><br \/>\n<span dir=\"auto\">8. Dienstag<\/span><br \/>\n<span dir=\"auto\">9. Turia-Mazurka<\/span><br \/>\n<span dir=\"auto\">10. Der Schlaf versteckt sich bis morgen<\/span><\/p>\n","protected":false},"excerpt":{"rendered":"<p>\u201e\u2026Curly Strings macht keine Musik, die einen zum Z\u00e4hneknirschen oder Nachdenken bringt. Ich kann mir kaum vorstellen, dass jemand, selbst in unserer polarisierten Gesellschaft, diese Musik nicht m\u00f6gen k\u00f6nnte \u2013 Nationalkonservative finden hier eine in der lokalen Tradition verwurzelte Kl\u00e4nge, Sozialisten eine Botschaft der F\u00fcrsorge, Reformer sollten den kreativen Unternehmergeist junger Esten w\u00fcrdigen. Es ist [&hellip;]<\/p>\n","protected":false},"featured_media":5123,"template":"","meta":{"_acf_changed":false,"inline_featured_image":false},"product_brand":[],"product_cat":[80],"product_tag":[],"class_list":{"0":"post-5081","1":"product","2":"type-product","3":"status-publish","4":"has-post-thumbnail","6":"product_cat-cd","8":"first","9":"instock","10":"shipping-taxable","11":"purchasable","12":"product-type-simple"},"acf":[],"_links":{"self":[{"href":"https:\/\/www.curlystrings.ee\/de\/wp-json\/wp\/v2\/product\/5081","targetHints":{"allow":["GET"]}}],"collection":[{"href":"https:\/\/www.curlystrings.ee\/de\/wp-json\/wp\/v2\/product"}],"about":[{"href":"https:\/\/www.curlystrings.ee\/de\/wp-json\/wp\/v2\/types\/product"}],"wp:featuredmedia":[{"embeddable":true,"href":"https:\/\/www.curlystrings.ee\/de\/wp-json\/wp\/v2\/media\/5123"}],"wp:attachment":[{"href":"https:\/\/www.curlystrings.ee\/de\/wp-json\/wp\/v2\/media?parent=5081"}],"wp:term":[{"taxonomy":"product_brand","embeddable":true,"href":"https:\/\/www.curlystrings.ee\/de\/wp-json\/wp\/v2\/product_brand?post=5081"},{"taxonomy":"product_cat","embeddable":true,"href":"https:\/\/www.curlystrings.ee\/de\/wp-json\/wp\/v2\/product_cat?post=5081"},{"taxonomy":"product_tag","embeddable":true,"href":"https:\/\/www.curlystrings.ee\/de\/wp-json\/wp\/v2\/product_tag?post=5081"}],"curies":[{"name":"wp","href":"https:\/\/api.w.org\/{rel}","templated":true}]}}