{"id":4907,"date":"2026-03-03T23:07:45","date_gmt":"2026-03-03T23:07:45","guid":{"rendered":"https:\/\/www.curlystrings.ee\/?post_type=product&#038;p=4907"},"modified":"2026-05-02T07:28:44","modified_gmt":"2026-05-02T07:28:44","slug":"gruener-baby-bodysuit","status":"publish","type":"product","link":"https:\/\/www.curlystrings.ee\/de\/produkt\/gruener-baby-bodysuit\/","title":{"rendered":"Gr\u00fcner baby bodysuit"},"content":{"rendered":"<p>Alter und Gr\u00f6\u00dfe:<br \/>\n0-3 - 63\/60 cm<br \/>\n3-6 - 60\/66 cm<br \/>\n6-12 - 66\/76 cm<br \/>\n12-18 - 76\/86 cm<\/p>\n<p>Material: Baumwolle<\/p>\n","protected":false},"excerpt":{"rendered":"<p>Alter und Gr\u00f6\u00dfe: 0-3 - 63\/60 cm 3-6 - 60\/66 cm 6-12 - 66\/76 cm 12-18 - 76\/86 cm Material: Baumwolle<\/p>\n","protected":false},"featured_media":5066,"template":"","meta":{"_acf_changed":false,"inline_featured_image":false},"product_brand":[],"product_cat":[109],"product_tag":[],"class_list":{"0":"post-4907","1":"product","2":"type-product","3":"status-publish","4":"has-post-thumbnail","6":"product_cat-baby-body","8":"first","9":"instock","10":"featured","11":"shipping-taxable","12":"purchasable","13":"product-type-variable"},"acf":[],"_links":{"self":[{"href":"https:\/\/www.curlystrings.ee\/de\/wp-json\/wp\/v2\/product\/4907","targetHints":{"allow":["GET"]}}],"collection":[{"href":"https:\/\/www.curlystrings.ee\/de\/wp-json\/wp\/v2\/product"}],"about":[{"href":"https:\/\/www.curlystrings.ee\/de\/wp-json\/wp\/v2\/types\/product"}],"wp:featuredmedia":[{"embeddable":true,"href":"https:\/\/www.curlystrings.ee\/de\/wp-json\/wp\/v2\/media\/5066"}],"wp:attachment":[{"href":"https:\/\/www.curlystrings.ee\/de\/wp-json\/wp\/v2\/media?parent=4907"}],"wp:term":[{"taxonomy":"product_brand","embeddable":true,"href":"https:\/\/www.curlystrings.ee\/de\/wp-json\/wp\/v2\/product_brand?post=4907"},{"taxonomy":"product_cat","embeddable":true,"href":"https:\/\/www.curlystrings.ee\/de\/wp-json\/wp\/v2\/product_cat?post=4907"},{"taxonomy":"product_tag","embeddable":true,"href":"https:\/\/www.curlystrings.ee\/de\/wp-json\/wp\/v2\/product_tag?post=4907"}],"curies":[{"name":"wp","href":"https:\/\/api.w.org\/{rel}","templated":true}]}}