{"id":4906,"date":"2026-03-03T23:07:45","date_gmt":"2026-03-03T23:07:45","guid":{"rendered":"https:\/\/www.curlystrings.ee\/?post_type=product&#038;p=4906"},"modified":"2026-04-08T15:10:58","modified_gmt":"2026-04-08T15:10:58","slug":"curly-strings-und-freunde-fuer-kinder","status":"publish","type":"product","link":"https:\/\/www.curlystrings.ee\/de\/produkt\/curly-strings-und-freunde-fuer-kinder\/","title":{"rendered":"Curly Strings und Freunde \u201cF\u00fcr Kinder\u201c"},"content":{"rendered":"<p><strong>\u00dcber Musik<\/strong><\/p>\n<div>\n<p>Das Album &#8220;Lastele&#8220; von Curly Strings and friends ist ein unterhaltsames Album, das hervorragende estnische Musiker zusammenbringt, die auch Eltern sind. Jeder von ihnen hat ein Lied mitgebracht, das sie ihren Kindern vorgesungen oder sogar mit ihnen zusammen geschaffen haben. Curly hat sie in die Klangwelt ihrer Band gesetzt, und in der gemeinsamen Auff\u00fchrung finden sich auf diesem aus 12 Liedern bestehenden Album sowohl neue Kreationen als auch alte Klassiker.<\/p>\n<p>Neben Curly Strings tragen musikalisch Ivo Linna, Robert Linna, Mari J\u00fcrjens, Lenna Kuurmaa, Mari Kalkun, Ewert and The Two Dragons, Liisi Koikson, Jalmar Vabarna, Marge Niller, Adeele Jaago und das Gesangsstudio Tartu Laulupesa bei.<\/p>\n<\/div>\n<div><\/div>\n<div>\n<div>Die digitale Version des Albums enth\u00e4lt einen Download-Link zu allen 12 Titeln im MP3- und WAV-Format. Die physische Version des &#8220;Lastele&#8220;-Albums enth\u00e4lt zus\u00e4tzlich zur physischen CD ein Lieder- und Malbuch mit der Geschichte aller Titel, Texten, Noten und lustigen Illustrationen.<\/div>\n<\/div>\n<p><strong>Die wohlt\u00e4tige Seite des Albums<\/strong><\/p>\n<div>\n<p>Der gesamte Erl\u00f6s des Albums wird an die NGO Children and Youth Crisis Program gespendet. Die Spende wird der NGO Children and Youth Crisis Program helfen, Aktivit\u00e4ten zur Unterst\u00fctzung von Familien mit Kindern, die einen geliebten Menschen verloren haben, durchzuf\u00fchren. Indem man Kinder in ihrer Trauer wahrnimmt, wird der Familie des Kindes die M\u00f6glichkeit gegeben, ihnen zu helfen, besser mit ihrem Verlust umzugehen. Zu diesem Zweck organisiert das Krisenprogramm Trauerhilfe-Camps f\u00fcr Kinder und Jugendliche, f\u00fchrt individuelle Trauerberatung und Gruppenarbeit f\u00fcr Kinder und ihre Angeh\u00f6rigen durch. Das Programm bietet Kindern, Jugendlichen und Familien seit 25 Jahren kontinuierlich Unterst\u00fctzung an. Das erste Trauerbegleitungscamp fand im Sommer 1995 statt. Bis heute haben mehr als 1.000 Kinder und Jugendliche an den Kindercamps teilgenommen. Zusammen mit der individuellen Betreuung ist die Zahl der Menschen, die diese Unterst\u00fctzung erhalten haben, noch viel, viel h\u00f6her.<\/p>\n<p>Ihre Unterst\u00fctzung hilft der NGO Children and Youth Crisis Program bei der Durchf\u00fchrung ihrer Aktivit\u00e4ten und der Verbreitung ihrer Botschaft. Das Children and Youth Crisis Program hilft und unterst\u00fctzt. Danke, dass Sie helfen und unterst\u00fctzen!<\/p>\n<\/div>\n<div><a href=\"https:\/\/www.lastekriis.ee\/\" target=\"_blank\" rel=\"noopener\">https:\/\/www.lastekriis.ee<\/a><\/div>\n<div dir=\"ltr\"><\/div>\n","protected":false},"excerpt":{"rendered":"<p>\u00dcber Musik Das Album &#8220;Lastele&#8220; von Curly Strings and friends ist ein unterhaltsames Album, das hervorragende estnische Musiker zusammenbringt, die auch Eltern sind. Jeder von ihnen hat ein Lied mitgebracht, das sie ihren Kindern vorgesungen oder sogar mit ihnen zusammen geschaffen haben. Curly hat sie in die Klangwelt ihrer Band gesetzt, und in der gemeinsamen [&hellip;]<\/p>\n","protected":false},"featured_media":4539,"template":"","meta":{"_acf_changed":false,"inline_featured_image":false},"product_brand":[],"product_cat":[86],"product_tag":[],"class_list":{"0":"post-4906","1":"product","2":"type-product","3":"status-publish","4":"has-post-thumbnail","6":"product_cat-digi-album","8":"first","9":"instock","10":"downloadable","11":"virtual","12":"purchasable","13":"product-type-simple"},"acf":[],"_links":{"self":[{"href":"https:\/\/www.curlystrings.ee\/de\/wp-json\/wp\/v2\/product\/4906","targetHints":{"allow":["GET"]}}],"collection":[{"href":"https:\/\/www.curlystrings.ee\/de\/wp-json\/wp\/v2\/product"}],"about":[{"href":"https:\/\/www.curlystrings.ee\/de\/wp-json\/wp\/v2\/types\/product"}],"wp:featuredmedia":[{"embeddable":true,"href":"https:\/\/www.curlystrings.ee\/de\/wp-json\/wp\/v2\/media\/4539"}],"wp:attachment":[{"href":"https:\/\/www.curlystrings.ee\/de\/wp-json\/wp\/v2\/media?parent=4906"}],"wp:term":[{"taxonomy":"product_brand","embeddable":true,"href":"https:\/\/www.curlystrings.ee\/de\/wp-json\/wp\/v2\/product_brand?post=4906"},{"taxonomy":"product_cat","embeddable":true,"href":"https:\/\/www.curlystrings.ee\/de\/wp-json\/wp\/v2\/product_cat?post=4906"},{"taxonomy":"product_tag","embeddable":true,"href":"https:\/\/www.curlystrings.ee\/de\/wp-json\/wp\/v2\/product_tag?post=4906"}],"curies":[{"name":"wp","href":"https:\/\/api.w.org\/{rel}","templated":true}]}}