{"id":4897,"date":"2026-03-03T23:07:45","date_gmt":"2026-03-03T23:07:45","guid":{"rendered":"https:\/\/www.curlystrings.ee\/?post_type=product&#038;p=4897"},"modified":"2026-05-02T06:53:17","modified_gmt":"2026-05-02T06:53:17","slug":"locken","status":"publish","type":"product","link":"https:\/\/www.curlystrings.ee\/de\/produkt\/locken\/","title":{"rendered":"Locken"},"content":{"rendered":"<p>2T - Brustumfang 28 cm, L\u00e4nge 38 cm<br \/>\n3T - Brustumfang 30 cm, L\u00e4nge 41 cm<br \/>\n4T - Brustumfang 33 cm, L\u00e4nge 42 cm<br \/>\n5T - Brustumfang 36 cm, L\u00e4nge 46 cm<br \/>\n6T - Brustumfang 38 cm, L\u00e4nge 48 cm<\/p>\n<p>Material: Baumwolle<\/p>\n","protected":false},"excerpt":{"rendered":"<p>2T - Brustumfang 28 cm, L\u00e4nge 38 cm 3T - Brustumfang 30 cm, L\u00e4nge 41 cm 4T - Brustumfang 33 cm, L\u00e4nge 42 cm 5T - Brustumfang 36 cm, L\u00e4nge 46 cm 6T - Brustumfang 38 cm, L\u00e4nge 48 cm Material: Baumwolle<\/p>\n","protected":false},"featured_media":5079,"template":"","meta":{"_acf_changed":false,"inline_featured_image":false},"product_brand":[],"product_cat":[89],"product_tag":[],"class_list":{"0":"post-4897","1":"product","2":"type-product","3":"status-publish","4":"has-post-thumbnail","6":"product_cat-t-shirt","8":"first","9":"instock","10":"featured","11":"shipping-taxable","12":"purchasable","13":"product-type-variable"},"acf":[],"_links":{"self":[{"href":"https:\/\/www.curlystrings.ee\/de\/wp-json\/wp\/v2\/product\/4897","targetHints":{"allow":["GET"]}}],"collection":[{"href":"https:\/\/www.curlystrings.ee\/de\/wp-json\/wp\/v2\/product"}],"about":[{"href":"https:\/\/www.curlystrings.ee\/de\/wp-json\/wp\/v2\/types\/product"}],"wp:featuredmedia":[{"embeddable":true,"href":"https:\/\/www.curlystrings.ee\/de\/wp-json\/wp\/v2\/media\/5079"}],"wp:attachment":[{"href":"https:\/\/www.curlystrings.ee\/de\/wp-json\/wp\/v2\/media?parent=4897"}],"wp:term":[{"taxonomy":"product_brand","embeddable":true,"href":"https:\/\/www.curlystrings.ee\/de\/wp-json\/wp\/v2\/product_brand?post=4897"},{"taxonomy":"product_cat","embeddable":true,"href":"https:\/\/www.curlystrings.ee\/de\/wp-json\/wp\/v2\/product_cat?post=4897"},{"taxonomy":"product_tag","embeddable":true,"href":"https:\/\/www.curlystrings.ee\/de\/wp-json\/wp\/v2\/product_tag?post=4897"}],"curies":[{"name":"wp","href":"https:\/\/api.w.org\/{rel}","templated":true}]}}