{"id":4895,"date":"2026-03-03T23:07:45","date_gmt":"2026-03-03T23:07:45","guid":{"rendered":"https:\/\/www.curlystrings.ee\/?post_type=product&#038;p=4895"},"modified":"2026-05-02T06:40:18","modified_gmt":"2026-05-02T06:40:18","slug":"kuemmern","status":"publish","type":"product","link":"https:\/\/www.curlystrings.ee\/de\/produkt\/kuemmern\/","title":{"rendered":"K\u00fcmmern"},"content":{"rendered":"<p>Curly Strings macht keine Musik, an der man sich die Z\u00e4hne ausbeisst oder \u00fcber die man nachdenken muss. Ich kann mir nicht vorstellen, wer, selbst in unserer polarisierten Gesellschaft, diese Musik wirklich nicht m\u00f6gen k\u00f6nnte - Nationalkonservative finden hier eine in der lokalen Tradition verwurzelte Tradition, Sozialisten eine Botschaft der F\u00fcrsorge, Reformer sollten den kreativen Unternehmergeist junger Esten sch\u00e4tzen. Dies ist unpr\u00e4tenti\u00f6s angenehme Musik, heimelig und h\u00e4uslich, echt und nett&#8220;&#8220;, schreibt Andrei Liimets \u00fcber das Album auf dem Portal kultuur.err. Die vollst\u00e4ndige Rezension k\u00f6nnen<br \/>\nSie\u00a0 <a href=\"https:\/\/kultuur.err.ee\/612022\/arvustus-curly-strings-ajab-nunnumeetri-lohki\">hier lesen.<\/a><\/p>\n<p>1. Warum brichst du mich?<br \/>\n2. Jahrestag<br \/>\n3. Weite Ferne<br \/>\n4. Mond<br \/>\n5. Feuervogel\/Kribu-Kribu-Polka<br \/>\n6. Gib es weiter<br \/>\n7. K\u00fcmmern<br \/>\n8. Dienstag<br \/>\n9. Turia-Mazurka<br \/>\n10. Schlaf bis morgen<\/p>\n","protected":false},"excerpt":{"rendered":"<p>Curly Strings macht keine Musik, an der man sich die Z\u00e4hne ausbeisst oder \u00fcber die man nachdenken muss. Ich kann mir nicht vorstellen, wer, selbst in unserer polarisierten Gesellschaft, diese Musik wirklich nicht m\u00f6gen k\u00f6nnte - Nationalkonservative finden hier eine in der lokalen Tradition verwurzelte Tradition, Sozialisten eine Botschaft der F\u00fcrsorge, Reformer sollten den kreativen [&hellip;]<\/p>\n","protected":false},"featured_media":4551,"template":"","meta":{"_acf_changed":false,"inline_featured_image":false},"product_brand":[],"product_cat":[81],"product_tag":[],"class_list":{"0":"post-4895","1":"product","2":"type-product","3":"status-publish","4":"has-post-thumbnail","6":"product_cat-schallplatte","8":"first","9":"instock","10":"shipping-taxable","11":"purchasable","12":"product-type-simple"},"acf":[],"_links":{"self":[{"href":"https:\/\/www.curlystrings.ee\/de\/wp-json\/wp\/v2\/product\/4895","targetHints":{"allow":["GET"]}}],"collection":[{"href":"https:\/\/www.curlystrings.ee\/de\/wp-json\/wp\/v2\/product"}],"about":[{"href":"https:\/\/www.curlystrings.ee\/de\/wp-json\/wp\/v2\/types\/product"}],"wp:featuredmedia":[{"embeddable":true,"href":"https:\/\/www.curlystrings.ee\/de\/wp-json\/wp\/v2\/media\/4551"}],"wp:attachment":[{"href":"https:\/\/www.curlystrings.ee\/de\/wp-json\/wp\/v2\/media?parent=4895"}],"wp:term":[{"taxonomy":"product_brand","embeddable":true,"href":"https:\/\/www.curlystrings.ee\/de\/wp-json\/wp\/v2\/product_brand?post=4895"},{"taxonomy":"product_cat","embeddable":true,"href":"https:\/\/www.curlystrings.ee\/de\/wp-json\/wp\/v2\/product_cat?post=4895"},{"taxonomy":"product_tag","embeddable":true,"href":"https:\/\/www.curlystrings.ee\/de\/wp-json\/wp\/v2\/product_tag?post=4895"}],"curies":[{"name":"wp","href":"https:\/\/api.w.org\/{rel}","templated":true}]}}