{"id":4885,"date":"2026-03-03T23:07:45","date_gmt":"2026-03-03T23:07:45","guid":{"rendered":"https:\/\/www.curlystrings.ee\/?post_type=product&#038;p=4885"},"modified":"2026-05-02T05:21:32","modified_gmt":"2026-05-02T05:21:32","slug":"weltweit","status":"publish","type":"product","link":"https:\/\/www.curlystrings.ee\/de\/produkt\/weltweit\/","title":{"rendered":"Weltweit"},"content":{"rendered":"<p>Dies ist das Deb\u00fctalbum der Band Curly Strings, &#8220;\u00dcle ilma&#8220;.<br \/>\nDer Kulturblog Kaktus schreibt: &#8220;&#8220;Das Album enth\u00e4lt zehn Lieder, von denen die meisten von den Bandmitgliedern stammen,<br \/>\naber auch Aapo Ilves, Jaan T\u00e4tte und Kristiina Ehin haben etwas beigesteuert, und einige der Lieder sind aus dem Volksgut.<br \/>\nDas Album handelt von Liebe, Eifersucht und vielem mehr, was Teil der menschlichen Natur und des Alltags ist.<br \/>\nLesen Sie <a href=\"https:\/\/kkaktus.wordpress.com\/author\/agnesvarik\/\">hier<\/a> mehr .<\/p>\n<p>1. Die Welt l\u00e4utet<br \/>\n2. In einem fernen Dorf<br \/>\n3. Lost in Hungary<br \/>\n4. Lied an einen Freund<br \/>\n5. Reverend<br \/>\n6. Revenge<br \/>\n7. Hering<br \/>\n8. Suddenly Came<br \/>\n9. Wenn der Flieder bl\u00fcht<br \/>\n10. Sieben Br\u00e4ute<br \/>\n11. Tall Fiddler<br \/>\n12. Jenseits der Welt<\/p>\n","protected":false},"excerpt":{"rendered":"<p>Dies ist das Deb\u00fctalbum der Band Curly Strings, &#8220;\u00dcle ilma&#8220;. Der Kulturblog Kaktus schreibt: &#8220;&#8220;Das Album enth\u00e4lt zehn Lieder, von denen die meisten von den Bandmitgliedern stammen, aber auch Aapo Ilves, Jaan T\u00e4tte und Kristiina Ehin haben etwas beigesteuert, und einige der Lieder sind aus dem Volksgut. Das Album handelt von Liebe, Eifersucht und vielem [&hellip;]<\/p>\n","protected":false},"featured_media":5103,"template":"","meta":{"_acf_changed":false,"inline_featured_image":false},"product_brand":[],"product_cat":[80],"product_tag":[],"class_list":{"0":"post-4885","1":"product","2":"type-product","3":"status-publish","4":"has-post-thumbnail","6":"product_cat-cd","8":"first","9":"instock","10":"shipping-taxable","11":"purchasable","12":"product-type-simple"},"acf":[],"_links":{"self":[{"href":"https:\/\/www.curlystrings.ee\/de\/wp-json\/wp\/v2\/product\/4885","targetHints":{"allow":["GET"]}}],"collection":[{"href":"https:\/\/www.curlystrings.ee\/de\/wp-json\/wp\/v2\/product"}],"about":[{"href":"https:\/\/www.curlystrings.ee\/de\/wp-json\/wp\/v2\/types\/product"}],"wp:featuredmedia":[{"embeddable":true,"href":"https:\/\/www.curlystrings.ee\/de\/wp-json\/wp\/v2\/media\/5103"}],"wp:attachment":[{"href":"https:\/\/www.curlystrings.ee\/de\/wp-json\/wp\/v2\/media?parent=4885"}],"wp:term":[{"taxonomy":"product_brand","embeddable":true,"href":"https:\/\/www.curlystrings.ee\/de\/wp-json\/wp\/v2\/product_brand?post=4885"},{"taxonomy":"product_cat","embeddable":true,"href":"https:\/\/www.curlystrings.ee\/de\/wp-json\/wp\/v2\/product_cat?post=4885"},{"taxonomy":"product_tag","embeddable":true,"href":"https:\/\/www.curlystrings.ee\/de\/wp-json\/wp\/v2\/product_tag?post=4885"}],"curies":[{"name":"wp","href":"https:\/\/api.w.org\/{rel}","templated":true}]}}